{"id":14504,"date":"2019-06-09T16:07:06","date_gmt":"2019-06-09T16:07:06","guid":{"rendered":"http:\/\/pensiuneaanimalelor.com\/?page_id=14504"},"modified":"2022-08-08T22:48:23","modified_gmt":"2022-08-08T22:48:23","slug":"home-2","status":"publish","type":"page","link":"https:\/\/pensiuneaanimalelor.com\/?lang=en","title":{"rendered":"Home"},"content":{"rendered":"<p>[vc_row full_width=&#8221;stretch_row_content_no_spaces&#8221; pix_bottom_effect=&#8221;with-bottom-effect transparent-effect&#8221;][vc_column]<link href=\"https:\/\/fonts.googleapis.com\/css?family=Montserrat:400%2C700%7CPlayfair+Display:400%7CRoboto:500\" rel=\"stylesheet\" property=\"stylesheet\" type=\"text\/css\" media=\"all\">\n<div id=\"rev_slider_8_1_wrapper\" class=\"rev_slider_wrapper fullwidthbanner-container\" data-source=\"gallery\" style=\"margin:0px auto;background:transparent;padding:0px;margin-top:0px;margin-bottom:0px;\">\n<!-- START REVOLUTION SLIDER 5.4.8.2 fullwidth mode -->\n\t<div id=\"rev_slider_8_1\" class=\"rev_slider fullwidthabanner\" style=\"display:none;\" data-version=\"5.4.8.2\">\n<ul>\t<!-- SLIDE  -->\n\t<li data-index=\"rs-10\" data-transition=\"fade\" data-slotamount=\"default\" data-hideafterloop=\"0\" data-hideslideonmobile=\"off\"  data-easein=\"default\" data-easeout=\"default\" data-masterspeed=\"300\"  data-rotate=\"0\"  data-saveperformance=\"off\"  data-title=\"Slide\" data-param1=\"\" data-param2=\"\" data-param3=\"\" data-param4=\"\" data-param5=\"\" data-param6=\"\" data-param7=\"\" data-param8=\"\" data-param9=\"\" data-param10=\"\" data-description=\"\">\n\t\t<!-- MAIN IMAGE -->\n\t\t<img loading=\"lazy\" decoding=\"async\" src=\"https:\/\/pensiuneaanimalelor.com\/wp-content\/uploads\/revslider\/home-eng\/1.jpg\"  alt=\"\" title=\"1.jpg\"  width=\"1920\" height=\"925\" data-bgposition=\"center top\" data-kenburns=\"on\" data-duration=\"10000\" data-ease=\"Linear.easeNone\" data-scalestart=\"100\" data-scaleend=\"105\" data-rotatestart=\"0\" data-rotateend=\"0\" data-blurstart=\"0\" data-blurend=\"0\" data-offsetstart=\"0 0\" data-offsetend=\"0 0\" class=\"rev-slidebg\" data-no-retina>\n\t\t<!-- LAYERS -->\n\n\t\t<!-- LAYER NR. 1 -->\n\t\t<div class=\"tp-caption   tp-resizeme\" \n\t\t\t id=\"slide-10-layer-1\" \n\t\t\t data-x=\"['left','left','left','left']\" data-hoffset=\"['33','446','321','174']\" \n\t\t\t data-y=\"['top','top','top','top']\" data-voffset=\"['245','246','243','207']\" \n\t\t\t\t\t\tdata-width=\"none\"\n\t\t\tdata-height=\"none\"\n\t\t\tdata-whitespace=\"nowrap\"\n \n\t\t\tdata-type=\"text\" \n\t\t\tdata-responsive_offset=\"on\" \n\n\t\t\tdata-frames='[{\"delay\":500,\"split\":\"chars\",\"split_direction\":\"forward\",\"splitdelay\":0.05,\"speed\":2000,\"frame\":\"0\",\"from\":\"x:[105%];z:0;rX:45deg;rY:0deg;rZ:90deg;sX:1;sY:1;skX:0;skY:0;\",\"mask\":\"x:0px;y:0px;s:inherit;e:inherit;\",\"to\":\"o:1;\",\"ease\":\"Power4.easeInOut\"},{\"delay\":\"wait\",\"speed\":300,\"frame\":\"999\",\"to\":\"opacity:0;\",\"ease\":\"nothing\"}]'\n\t\t\tdata-textAlign=\"['left','left','left','left']\"\n\t\t\tdata-paddingtop=\"[0,0,0,0]\"\n\t\t\tdata-paddingright=\"[0,0,0,0]\"\n\t\t\tdata-paddingbottom=\"[0,0,0,0]\"\n\t\t\tdata-paddingleft=\"[0,0,0,0]\"\n\n\t\t\tstyle=\"z-index: 5; white-space: nowrap; font-size: 22px; line-height: 24px; font-weight: 400; color: rgba(255,255,255,1); letter-spacing: px;font-family:Montserrat;\">Welcome to <\/div>\n\n\t\t<!-- LAYER NR. 2 -->\n\t\t<div class=\"tp-caption   tp-resizeme\" \n\t\t\t id=\"slide-10-layer-2\" \n\t\t\t data-x=\"['left','left','left','left']\" data-hoffset=\"['29','214','90','10']\" \n\t\t\t data-y=\"['top','top','top','top']\" data-voffset=\"['287','287','294','244']\" \n\t\t\t\t\t\tdata-fontsize=\"['44','44','44','34']\"\n\t\t\tdata-width=\"none\"\n\t\t\tdata-height=\"none\"\n\t\t\tdata-whitespace=\"nowrap\"\n \n\t\t\tdata-type=\"text\" \n\t\t\tdata-responsive_offset=\"on\" \n\n\t\t\tdata-frames='[{\"delay\":500,\"speed\":480,\"frame\":\"0\",\"from\":\"opacity:0;\",\"to\":\"o:1;\",\"ease\":\"Power2.easeInOut\"},{\"delay\":\"wait\",\"speed\":300,\"frame\":\"999\",\"to\":\"opacity:0;\",\"ease\":\"nothing\"}]'\n\t\t\tdata-textAlign=\"['left','left','left','left']\"\n\t\t\tdata-paddingtop=\"[0,0,0,0]\"\n\t\t\tdata-paddingright=\"[0,0,0,0]\"\n\t\t\tdata-paddingbottom=\"[0,0,0,0]\"\n\t\t\tdata-paddingleft=\"[0,0,0,0]\"\n\n\t\t\tstyle=\"z-index: 6; white-space: nowrap; font-size: 44px; line-height: 54px; font-weight: 700; color: rgba(255,255,255,1); letter-spacing: px;font-family:Montserrat;\">PENSIUNEA ANIMALELOR <\/div>\n\n\t\t<!-- LAYER NR. 3 -->\n\t\t<div class=\"tp-caption   tp-resizeme  playfair-italic\" \n\t\t\t id=\"slide-10-layer-3\" \n\t\t\t data-x=\"['left','left','left','left']\" data-hoffset=\"['33','356','232','84']\" \n\t\t\t data-y=\"['top','top','top','top']\" data-voffset=\"['362','362','373','321']\" \n\t\t\t\t\t\tdata-width=\"none\"\n\t\t\tdata-height=\"none\"\n\t\t\tdata-whitespace=\"nowrap\"\n \n\t\t\tdata-type=\"text\" \n\t\t\tdata-responsive_offset=\"on\" \n\n\t\t\tdata-frames='[{\"delay\":500,\"speed\":760,\"frame\":\"0\",\"from\":\"y:50px;opacity:0;\",\"to\":\"o:1;\",\"ease\":\"Power3.easeOut\"},{\"delay\":\"wait\",\"speed\":300,\"frame\":\"999\",\"to\":\"opacity:0;\",\"ease\":\"nothing\"}]'\n\t\t\tdata-textAlign=\"['left','left','left','left']\"\n\t\t\tdata-paddingtop=\"[0,0,0,0]\"\n\t\t\tdata-paddingright=\"[0,0,0,0]\"\n\t\t\tdata-paddingbottom=\"[0,0,0,0]\"\n\t\t\tdata-paddingleft=\"[0,0,0,0]\"\n\n\t\t\tstyle=\"z-index: 7; white-space: nowrap; font-size: 20px; line-height: 22px; font-weight: 400; color: rgba(255,255,255,1); letter-spacing: px;font-family:Playfair Display;\">A temporary overexposure for Pets <\/div>\n\n\t\t<!-- LAYER NR. 4 -->\n\t\t<div class=\"tp-caption rev-btn   ocend-btn\" \n\t\t\t id=\"slide-10-layer-4\" \n\t\t\t data-x=\"['left','left','left','left']\" data-hoffset=\"['32','436','312','163']\" \n\t\t\t data-y=\"['top','top','top','top']\" data-voffset=\"['420','452','452','394']\" \n\t\t\t\t\t\tdata-width=\"none\"\n\t\t\tdata-height=\"none\"\n\t\t\tdata-whitespace=\"nowrap\"\n \n\t\t\tdata-type=\"button\" \n\t\t\tdata-actions='[{\"event\":\"click\",\"action\":\"simplelink\",\"target\":\"_self\",\"url\":\"https:\\\/\\\/pensiuneaanimalelor.com\\\/index.php\\\/en\\\/contacts\\\/\",\"delay\":\"\"}]'\n\t\t\tdata-responsive_offset=\"on\" \n\t\t\tdata-responsive=\"off\"\n\t\t\tdata-frames='[{\"delay\":500,\"speed\":920,\"frame\":\"0\",\"from\":\"x:-50px;opacity:0;\",\"to\":\"o:1;\",\"ease\":\"Power2.easeInOut\"},{\"delay\":\"wait\",\"speed\":300,\"frame\":\"999\",\"to\":\"opacity:0;\",\"ease\":\"nothing\"},{\"frame\":\"hover\",\"speed\":\"0\",\"ease\":\"Linear.easeNone\",\"to\":\"o:1;rX:0;rY:0;rZ:0;z:0;\",\"style\":\"c:rgba(0,0,0,1);bg:rgba(255,255,255,1);bs:solid;bw:0 0 0 0;\"}]'\n\t\t\tdata-textAlign=\"['left','left','left','left']\"\n\t\t\tdata-paddingtop=\"[12,12,12,12]\"\n\t\t\tdata-paddingright=\"[35,35,35,35]\"\n\t\t\tdata-paddingbottom=\"[12,12,12,12]\"\n\t\t\tdata-paddingleft=\"[35,35,35,35]\"\n\n\t\t\tstyle=\"z-index: 8; white-space: nowrap; font-size: 17px; line-height: 17px; font-weight: 500; color: rgba(255,255,255,1); letter-spacing: px;font-family:Roboto;background-color:rgba(255,100,0,0.75);border-color:rgba(0,0,0,1);outline:none;box-shadow:none;box-sizing:border-box;-moz-box-sizing:border-box;-webkit-box-sizing:border-box;cursor:pointer;\">Contact Us <\/div>\n\t<\/li>\n<\/ul>\n<div class=\"tp-bannertimer tp-bottom\" style=\"visibility: hidden !important;\"><\/div>\t<\/div>\n<script>var htmlDiv = document.getElementById(\"rs-plugin-settings-inline-css\"); var htmlDivCss=\"\";\r\n\t\t\t\tif(htmlDiv) {\r\n\t\t\t\t\thtmlDiv.innerHTML = htmlDiv.innerHTML + htmlDivCss;\r\n\t\t\t\t}else{\r\n\t\t\t\t\tvar htmlDiv = document.createElement(\"div\");\r\n\t\t\t\t\thtmlDiv.innerHTML = \"<style>\" + htmlDivCss + \"<\/style>\";\r\n\t\t\t\t\tdocument.getElementsByTagName(\"head\")[0].appendChild(htmlDiv.childNodes[0]);\r\n\t\t\t\t}\r\n\t\t\t<\/script>\n\t\t<script type=\"text\/javascript\">\r\nif (setREVStartSize!==undefined) setREVStartSize(\r\n\t{c: '#rev_slider_8_1', responsiveLevels: [1240,1024,778,480], gridwidth: [1240,1024,778,480], gridheight: [868,768,960,720], sliderLayout: 'fullwidth'});\r\n\t\t\t\r\nvar revapi8,\r\n\ttpj;\t\r\n(function() {\t\t\t\r\n\tif (!\/loaded|interactive|complete\/.test(document.readyState)) document.addEventListener(\"DOMContentLoaded\",onLoad); else onLoad();\t\r\n\tfunction onLoad() {\t\t\t\t\r\n\t\tif (tpj===undefined) { tpj = jQuery; if(\"off\" == \"on\") tpj.noConflict();}\r\n\tif(tpj(\"#rev_slider_8_1\").revolution == undefined){\n\t\trevslider_showDoubleJqueryError(\"#rev_slider_8_1\");\n\t}else{\n\t\trevapi8 = tpj(\"#rev_slider_8_1\").show().revolution({\n\t\t\tsliderType:\"standard\",\n\t\t\tjsFileLocation:\"\/\/pensiuneaanimalelor.com\/wp-content\/plugins\/revslider\/public\/assets\/js\/\",\n\t\t\tsliderLayout:\"fullwidth\",\n\t\t\tdottedOverlay:\"none\",\n\t\t\tdelay:9000,\n\t\t\tnavigation: {\n\t\t\t\tonHoverStop:\"off\",\n\t\t\t},\n\t\t\tresponsiveLevels:[1240,1024,778,480],\n\t\t\tvisibilityLevels:[1240,1024,778,480],\n\t\t\tgridwidth:[1240,1024,778,480],\n\t\t\tgridheight:[868,768,960,720],\n\t\t\tlazyType:\"none\",\n\t\t\tshadow:0,\n\t\t\tspinner:\"spinner0\",\n\t\t\tstopLoop:\"off\",\n\t\t\tstopAfterLoops:-1,\n\t\t\tstopAtSlide:-1,\n\t\t\tshuffle:\"off\",\n\t\t\tautoHeight:\"off\",\n\t\t\tdisableProgressBar:\"on\",\n\t\t\thideThumbsOnMobile:\"off\",\n\t\t\thideSliderAtLimit:0,\n\t\t\thideCaptionAtLimit:0,\n\t\t\thideAllCaptionAtLilmit:0,\n\t\t\tdebugMode:false,\n\t\t\tfallbacks: {\n\t\t\t\tsimplifyAll:\"off\",\n\t\t\t\tnextSlideOnWindowFocus:\"off\",\n\t\t\t\tdisableFocusListener:false,\n\t\t\t}\n\t\t});\n\t}; \/* END OF revapi call *\/\n\t\n }; \/* END OF ON LOAD FUNCTION *\/\r\n}()); \/* END OF WRAPPING FUNCTION *\/\r\n<\/script>\r\n\t\t<\/div><!-- END REVOLUTION SLIDER -->[\/vc_column][\/vc_row][vc_row ppadding=&#8221;vc_pixrow-padding-both&#8221; kswr_row_top_decor_enabled=&#8221;false&#8221; kswr_row_bottom_decor_enabled=&#8221;false&#8221;][vc_column width=&#8221;1\/2&#8243;][box_title titlepos=&#8221;text-right&#8221; before_title=&#8221;About us&#8221; title=&#8221;Pensiunea Animalelor&#8221; after_title=&#8221;A temporary overexposure for Pets&#8221;]Pensiunea Animalelor is waiting for their customers in the newest and fully equipped hotel during the holidays and anytime that works the best for you. The building of the hotel is equipped with a heating system, a playground for dogs and a summer terrace for cats.Pensiunea Animalelor offers separate rooms for dogs and for cats.<\/p>\n<p><!--more-->[\/box_title][box_button btntype=&#8221;btn-primary&#8221; btnstyle=&#8221;text-right&#8221; btntext=&#8221;Read more&#8221; btnlink=&#8221;url:https%3A%2F%2Fpensiuneaanimalelor.com%2Findex.php%2Fen%2Fabout-us%2F|title:Despre%20noi&#8221;][\/vc_column][vc_column width=&#8221;1\/2&#8243;][vc_single_image image=&#8221;14645&#8243; img_size=&#8221;full&#8221; alignment=&#8221;center&#8221;][\/vc_column][\/vc_row][vc_row panchor=&#8221;anchor-effect&#8221; type=&#8221;pixfontawesome&#8221; icon_pixfontawesome=&#8221;fa fa-paw&#8221; el_id=&#8221;areas-section&#8221; css=&#8221;.vc_custom_1556058086148{padding-bottom: 80px !important;}&#8221; kswr_row_top_decor_enabled=&#8221;false&#8221; kswr_row_bottom_decor_enabled=&#8221;false&#8221;][vc_column][box_title title=&#8221;Why us?&#8221; after_title=&#8221;The reasons why we are the best choice you can make&#8221;][\/box_title][vc_row_inner][vc_column_inner][section_analytics image=&#8221;14621&#8243;][section_analytics_option title=&#8221;The geographical&#8221; under_title=&#8221;Position&#8221;]The Pensiunea Animalelor hotel is situated in a quiet area not far away from the city, in a picturesque place, separately from the city\u2019s vanity. This is the perfect place to have your four-foot friend in the company of their fellow, in fresh air without a leash and any restrictions.[\/section_analytics_option][section_analytics_option title=&#8221;Hospitality&#8221; under_title=&#8221;At the highest level&#8221;]Pensiunea Animalelor offers our guests the highest quality of comfort and care. Every detail was thoroughly included, so your pet can enjoy the fun and relaxing time.[\/section_analytics_option][section_analytics_option itempos=&#8221;right&#8221; title=&#8221;Availability&#8221; under_title=&#8221;Prices&#8221;]Pensiunea Animalelor has rooms with various tariffs, each owner can find a suitable place for his pet and for his budget.[\/section_analytics_option][section_analytics_option itempos=&#8221;right&#8221; title=&#8221;The defence&#8221; under_title=&#8221;Of the pets&#8221;]Pensiunea Animalelor guarantees that our team understands and takes the great responsibility of your trust, leaving your friend under our supervision turns into partners and friends of your pet.[\/section_analytics_option][\/section_analytics][\/vc_column_inner][\/vc_row_inner][\/vc_column][\/vc_row][vc_row full_width=&#8221;stretch_row&#8221; pixoverlay=&#8221;vc_row-overlay dark&#8221; pixoverlayopacity=&#8221;0.8&#8243; pix_bottom_effect=&#8221;with-bottom-effect&#8221; ptextcolor=&#8221;text-white&#8221; css=&#8221;.vc_custom_1657457263121{padding-top: 100px !important;padding-bottom: 200px !important;background-image: url(https:\/\/pensiuneaanimalelor.com\/wp-content\/uploads\/2022\/07\/bg.jpg?id=14647) !important;background-position: center !important;background-repeat: no-repeat !important;background-size: cover !important;}&#8221; kswr_row_top_decor_enabled=&#8221;false&#8221; kswr_row_bottom_decor_enabled=&#8221;false&#8221;][vc_column width=&#8221;1\/4&#8243;][box_amount title=&#8221;TYPES OF ROOMS&#8221; amount=&#8221;5&#8243; icon_pixstrokegap=&#8221;icon icon-House&#8221;][\/vc_column][vc_column width=&#8221;1\/4&#8243;][box_amount title=&#8221;Years of activity&#8221; amount=&#8221;2&#8243; icon_pixstrokegap=&#8221;icon icon-Cup&#8221;][\/vc_column][vc_column width=&#8221;1\/4&#8243;][box_amount title=&#8221;Likes&#8221; amount=&#8221;343&#8243; icon_pixstrokegap=&#8221;icon icon-Like&#8221;][\/vc_column][vc_column width=&#8221;1\/4&#8243;][box_amount title=&#8221;Happy customers&#8221; amount=&#8221;571&#8243; icon_pixstrokegap=&#8221;icon icon-Users&#8221;][\/vc_column][\/vc_row][vc_row full_width=&#8221;stretch_row_content_no_spaces&#8221; css=&#8221;.vc_custom_1556133117354{padding-top: 70px !important;padding-bottom: 130px !important;}&#8221; kswr_row_top_decor_enabled=&#8221;false&#8221; kswr_row_bottom_decor_enabled=&#8221;false&#8221;][vc_column][box_title title=&#8221;Gallery&#8221; after_title=&#8221;Do not hesitate to take a look at the hostel gallery&#8221;][\/box_title][section_portfolio_latest_works cat_port=&#8221;21,22,23,24,25&#8243; count=&#8221;10&#8243;][\/vc_column][\/vc_row][vc_row panchor=&#8221;anchor-effect&#8221; type=&#8221;pixfontawesome&#8221; icon_pixfontawesome=&#8221;fa fa-paw&#8221; kswr_row_top_decor_enabled=&#8221;false&#8221; kswr_row_bottom_decor_enabled=&#8221;false&#8221; el_id=&#8221;rewiew&#8221;][vc_column el_id=&#8221;rewiew&#8221;][box_title title=&#8221;Recommendations&#8221; after_title=&#8221;Reviews from our loyal customers&#8221;][\/box_title][\/vc_column][\/vc_row][vc_row kswr_row_top_decor_enabled=&#8221;false&#8221; kswr_row_bottom_decor_enabled=&#8221;false&#8221;][vc_column][section_reviews reviews_per_page=&#8221;1&#8243; disable_carousel=&#8221;1&#8243;][section_review image=&#8221;14627&#8243; title=&#8221;Maria Condriuc&#8221; position=&#8221;a evaluat Pensiunea Animalelor &#8211; 5 Stele&#8221;]Am stat mult la g\u00eend \u00eenainte de a m\u0103 hot\u0103r\u00ee s\u0103-mi las pisica .<br \/>\nmi-am f\u0103cut griji p\u00eena \u00een momentul c\u00eend primeam poze \u0219i video zilnic cu animalu\u021bul meu fericit ca acas\u0103 .<br \/>\nVa mul\u021bumesc mult pu dragostea \u0219i grija pe care o purta\u021bi fa\u021b\u0103\u00a0de prietenii no\u0219tri mici.[\/section_review][section_review image=&#8221;14623&#8243; title=&#8221;Evelincik Evik&#8221; position=&#8221;a evaluat Pensiunea Animalelor &#8211; 5 Stele&#8221;]\u0421\u043f\u0430\u0441\u0438\u0431\u043e \u0431\u043e\u043b\u044c\u0448\u043e\u0435 \u0414\u0438\u0430\u043d\u0435 \u0437\u0430 \u043f\u0440\u043e\u0444\u0435\u0441\u0441\u0438\u043e\u043d\u0430\u043b\u0438\u0437\u043c, \u0437\u0430\u0431\u043e\u0442\u0443 \u0438 \u043b\u044e\u0431\u043e\u0432\u044c, \u043a\u043e\u0442\u043e\u0440\u0443\u044e \u043e\u043d\u0430 \u0434\u0430\u0440\u0438\u0442 \u043d\u0430\u0448\u0438\u043c \u043f\u0438\u0442\u043e\u043c\u0446\u0430\u043c. \u041d\u0430\u0448 \u0422\u0438\u043c\u043a\u0430 \u043f\u0440\u043e\u0432\u0451\u043b \u0443 \u043d\u0435\u0451 \u043f\u043e\u043b\u0442\u043e\u0440\u0430 \u043c\u0435\u0441\u044f\u0446\u0430, \u043f\u043e\u043a\u0430 \u043c\u044b \u0433\u043e\u0442\u043e\u0432\u0438\u043b\u0438 \u0414\u043e\u043a\u0443\u043c\u0435\u043d\u0442\u044b \u043d\u0430 \u0432\u044b\u0432\u043e\u0437. \u041a\u0430\u0436\u0434\u043e\u0435 \u0443\u0442\u0440\u043e \u043c\u044b \u043f\u043e\u043b\u0443\u0447\u0430\u043b\u0438 \u0437\u0430\u0431\u0430\u0432\u043d\u044b\u0435 \u0432\u0438\u0434\u0435\u043e \u0438 \u0444\u043e\u0442\u043e\u0433\u0440\u0430\u0444\u0438\u0438, \u044d\u0442\u0438\u043c \u0414\u0438\u0430\u043d\u0430 \u043f\u043e\u0434\u043d\u0438\u043c\u0430\u043b\u0430 \u043d\u0430\u043c \u043d\u0430\u0441\u0442\u0440\u043e\u0435\u043d\u0438\u0435 \u0438 \u0434\u0435\u0440\u0436\u0430\u043b\u0430 \u0432 \u043a\u0443\u0440\u0441\u0435 \u043e \u0441\u043e\u0441\u0442\u043e\u044f\u043d\u0438\u0438 \u043c\u0430\u043b\u044b\u0448\u0430. \u041a\u0430\u0436\u0434\u044b\u0439 \u0440\u0430\u0437 \u043c\u044b \u0443\u0431\u0435\u0436\u0434\u0430\u043b\u0438\u0441\u044c, \u0447\u0442\u043e \u043d\u0430\u0448 \u0422\u0438\u043c\u043a\u0430 \u043e\u043a\u0440\u0443\u0436\u0451\u043d \u043b\u044e\u0431\u043e\u0432\u044c\u044e \u0438 \u0437\u0430\u0431\u043e\u0442\u043e\u0439. \u0421\u043f\u0430\u0441\u0438\u0431\u043e \u0437\u0430 \u0442\u043e, \u0447\u0442\u043e \u0442\u044b \u0434\u0435\u043b\u0430\u0435\u0448\u044c \u0438 \u0441\u043a\u043e\u043b\u044c\u043a\u043e \u0434\u0443\u0448\u0438 \u0432\u043a\u043b\u0430\u0434\u044b\u0432\u0430\u0435\u0448\u044c \u0432 \u0441\u0432\u043e\u044e \u0440\u0430\u0431\u043e\u0442\u0443. \u041c\u044b \u043e\u0431\u044f\u0437\u0430\u0442\u0435\u043b\u044c\u043d\u043e \u0435\u0449\u0451 \u043f\u043e\u0441\u0435\u0442\u0438\u043c \u0432\u0430\u0448\u0443 \u0433\u043e\u0441\u0442\u0438\u043d\u0438\u0446\u0443 \u0434\u043b\u044f \u0436\u0438\u0432\u043e\u0442\u043d\u044b\u0445 \u0438 \u043f\u043e\u0440\u0435\u043a\u043e\u043c\u0435\u043d\u0434\u0443\u0435\u043c \u0432\u0441\u0435\u043c \u043e\u0441\u0442\u0430\u0432\u043b\u044f\u0442\u044c \u0441\u0432\u043e\u0438\u0445 \u043f\u0438\u0442\u043e\u043c\u0446\u0435\u0432 \u0443 \u0432\u0430\u0441 , \u0435\u0441\u043b\u0438 \u0438\u043c \u0431\u0443\u0434\u0435\u0442 \u043d\u0435 \u0441 \u043a\u0435\u043c \u0438\u0445 \u043e\u0441\u0442\u0430\u0432\u0438\u0442\u044c \u0432\u043e \u0432\u0440\u0435\u043c\u044f \u043e\u0442\u0434\u044b\u0445\u0430.[\/section_review][section_review image=&#8221;14622&#8243; title=&#8221;Serghei Sorocean&#8221; position=&#8221;a evaluat Pensiunea Animalelor &#8211; 5 Stele&#8221;]Dup\u0103 video \u0219i foto arat\u0103 foarte bine.C\u00eend vom avea nevoie, vom aduce \u0219i noi c\u0103\u021belul!!![\/section_review][\/section_reviews][\/vc_column][\/vc_row]<\/p>\n","protected":false},"excerpt":{"rendered":"<p>[vc_row full_width=&#8221;stretch_row_content_no_spaces&#8221; pix_bottom_effect=&#8221;with-bottom-effect transparent-effect&#8221;][vc_column][\/vc_column][\/vc_row][vc_row ppadding=&#8221;vc_pixrow-padding-both&#8221; kswr_row_top_decor_enabled=&#8221;false&#8221; kswr_row_bottom_decor_enabled=&#8221;false&#8221;][vc_column width=&#8221;1\/2&#8243;][box_title titlepos=&#8221;text-right&#8221; before_title=&#8221;About us&#8221; title=&#8221;Pensiunea Animalelor&#8221; after_title=&#8221;A temporary overexposure for Pets&#8221;]Pensiunea Animalelor is waiting for their customers in the newest and fully equipped hotel during the holidays and anytime that works the best for you. The building of the hotel is equipped with a heating system, a playground [&hellip;]<\/p>\n","protected":false},"author":1,"featured_media":0,"parent":0,"menu_order":0,"comment_status":"open","ping_status":"open","template":"home-template.php","meta":{"footnotes":""},"_links":{"self":[{"href":"https:\/\/pensiuneaanimalelor.com\/index.php?rest_route=\/wp\/v2\/pages\/14504"}],"collection":[{"href":"https:\/\/pensiuneaanimalelor.com\/index.php?rest_route=\/wp\/v2\/pages"}],"about":[{"href":"https:\/\/pensiuneaanimalelor.com\/index.php?rest_route=\/wp\/v2\/types\/page"}],"author":[{"embeddable":true,"href":"https:\/\/pensiuneaanimalelor.com\/index.php?rest_route=\/wp\/v2\/users\/1"}],"replies":[{"embeddable":true,"href":"https:\/\/pensiuneaanimalelor.com\/index.php?rest_route=%2Fwp%2Fv2%2Fcomments&post=14504"}],"version-history":[{"count":6,"href":"https:\/\/pensiuneaanimalelor.com\/index.php?rest_route=\/wp\/v2\/pages\/14504\/revisions"}],"predecessor-version":[{"id":15084,"href":"https:\/\/pensiuneaanimalelor.com\/index.php?rest_route=\/wp\/v2\/pages\/14504\/revisions\/15084"}],"wp:attachment":[{"href":"https:\/\/pensiuneaanimalelor.com\/index.php?rest_route=%2Fwp%2Fv2%2Fmedia&parent=14504"}],"curies":[{"name":"wp","href":"https:\/\/api.w.org\/{rel}","templated":true}]}}