{"id":284,"date":"2016-03-25T14:02:57","date_gmt":"2016-03-25T14:02:57","guid":{"rendered":"http:\/\/oscend.templines.org\/?page_id=284"},"modified":"2025-02-10T18:33:33","modified_gmt":"2025-02-10T18:33:33","slug":"despre","status":"publish","type":"page","link":"https:\/\/pensiuneaanimalelor.com\/?page_id=284","title":{"rendered":"Despre noi"},"content":{"rendered":"<p>[vc_row css=&#8221;.vc_custom_1458915086925{padding-bottom: 40px !important;}&#8221;][vc_column][box_title before_title=&#8221;Despre noi&#8221; title=&#8221;PENSIUNEA ANIMALELOR&#8221; after_title=&#8221;Cazarea temporar\u0103 a animalelor de companie&#8221;][\/box_title][vc_column_text]<\/p>\n<p style=\"text-align: center;\">Pensiunea Animalelor \u00ee\u0219i a\u0219teapt\u0103 clien\u021bii \u00een cea mai nou\u0103 \u0219i dotat\u0103 pensiune at\u00eet pe perioada concediilor c\u00eet \u0219i \u00een orice timp c\u00eend st\u0103p\u00eenul lor este ocupat. Cl\u0103direa pensiunii este dotat\u0103 cu sistem de \u00eenc\u0103lzire, condi\u021bionare \u0219i aerisire pentru a crea un confort maximal animalelor aflate \u00een pensiune.<\/p>\n<p style=\"text-align: center;\">Pensiunea Animalelor ofer\u0103 apartamente separate pentru c\u00e2ini \u0219i pisici, animalele dispun de hran\u0103 de 2\/3 ori pe zi, plimb\u0103ri de 3 ori pe zi \u0219i jocuri cu alte animale conform contractului \u00eencheiat cu proprietarul.<\/p>\n<p style=\"text-align: center;\">Iubim animalele \u0219i \u0219tim c\u0103 desp\u0103rtirea de stap\u00een, oric\u00eet ar fi de scurt\u0103 poate fi dificil\u0103 deaceea ne str\u0103duim s\u0103 oferim condi\u021bii de cazare \u00een pensiune c\u00eet mai pl\u0103cute \u0219i s\u0103 compens\u0103m lipsa st\u0103p\u00eenilor cu afec\u021biune \u0219i mult\u0103 dragoste.<\/p>\n<p style=\"text-align: center;\">Anim\u0103lu\u021bele care vin la noi, sunt membrii ai familiei dvs., respectiv \u0219i noi ne vom comporta cu ele ca \u0219i cum ar fi un membru al familiei noastre.<\/p>\n<p style=\"text-align: center;\">Pensiunea Animalelor este asemenea unei gr\u0103dini\u021be, acomodarea \u00een primele zile poate fi mai dificil\u0103, dar asemenea unui copil, la sf\u00eer\u0219itul perioadei petrecute la noi, patrupedul va pleca cu experien\u021be pl\u0103cute, mult mai sociabil \u0219i cu siguran\u021b\u0103 se va bucura s\u0103 ne revad\u0103.<\/p>\n<h4 style=\"text-align: center;\">Mai presus dec\u00eet condi\u021biile pe care le oferim st\u0103 afec\u021biunea \u0219i iubirea fa\u021b\u0103 de animale.<\/h4>\n<p>[\/vc_column_text][\/vc_column][\/vc_row]<\/p>\n","protected":false},"excerpt":{"rendered":"<p>[vc_row css=&#8221;.vc_custom_1458915086925{padding-bottom: 40px !important;}&#8221;][vc_column][box_title before_title=&#8221;Despre noi&#8221; title=&#8221;PENSIUNEA ANIMALELOR&#8221; after_title=&#8221;Cazarea temporar\u0103 a animalelor de companie&#8221;][\/box_title][vc_column_text] Pensiunea Animalelor \u00ee\u0219i a\u0219teapt\u0103 clien\u021bii \u00een cea mai nou\u0103 \u0219i dotat\u0103 pensiune at\u00eet pe perioada concediilor c\u00eet \u0219i \u00een orice timp c\u00eend st\u0103p\u00eenul lor este ocupat. Cl\u0103direa pensiunii este dotat\u0103 cu sistem de \u00eenc\u0103lzire, condi\u021bionare \u0219i aerisire pentru a crea un [&hellip;]<\/p>\n","protected":false},"author":1,"featured_media":14647,"parent":0,"menu_order":0,"comment_status":"closed","ping_status":"closed","template":"","meta":{"footnotes":""},"_links":{"self":[{"href":"https:\/\/pensiuneaanimalelor.com\/index.php?rest_route=\/wp\/v2\/pages\/284"}],"collection":[{"href":"https:\/\/pensiuneaanimalelor.com\/index.php?rest_route=\/wp\/v2\/pages"}],"about":[{"href":"https:\/\/pensiuneaanimalelor.com\/index.php?rest_route=\/wp\/v2\/types\/page"}],"author":[{"embeddable":true,"href":"https:\/\/pensiuneaanimalelor.com\/index.php?rest_route=\/wp\/v2\/users\/1"}],"replies":[{"embeddable":true,"href":"https:\/\/pensiuneaanimalelor.com\/index.php?rest_route=%2Fwp%2Fv2%2Fcomments&post=284"}],"version-history":[{"count":2,"href":"https:\/\/pensiuneaanimalelor.com\/index.php?rest_route=\/wp\/v2\/pages\/284\/revisions"}],"predecessor-version":[{"id":15171,"href":"https:\/\/pensiuneaanimalelor.com\/index.php?rest_route=\/wp\/v2\/pages\/284\/revisions\/15171"}],"wp:featuredmedia":[{"embeddable":true,"href":"https:\/\/pensiuneaanimalelor.com\/index.php?rest_route=\/wp\/v2\/media\/14647"}],"wp:attachment":[{"href":"https:\/\/pensiuneaanimalelor.com\/index.php?rest_route=%2Fwp%2Fv2%2Fmedia&parent=284"}],"curies":[{"name":"wp","href":"https:\/\/api.w.org\/{rel}","templated":true}]}}