{"id":327,"date":"2016-03-25T17:40:57","date_gmt":"2016-03-25T17:40:57","guid":{"rendered":"http:\/\/oscend.templines.org\/?page_id=327"},"modified":"2025-02-10T18:09:58","modified_gmt":"2025-02-10T18:09:58","slug":"tarife","status":"publish","type":"page","link":"https:\/\/pensiuneaanimalelor.com\/?page_id=327","title":{"rendered":"Tarife \u0219i Condi\u021bii"},"content":{"rendered":"<p>[vc_row][vc_column][box_title title=&#8221;Condi\u021bii&#8221; after_title=&#8221;Condi\u021biile de primire a patrupezilor pe teritoriul pensiunii&#8221;][\/box_title][\/vc_column][\/vc_row][vc_row][vc_column][vc_column_text]<\/p>\n<ul>\n<li>Animalele care sunt primite \u00een pensiune trebuie s\u0103 fie \u00een mod obligatoriu vaccinate, deparazitate \u0219i tratate \u00eempotriva c\u0103pu\u0219elor nu mai t\u00eerziu de 2-3 s\u0103pt\u0103m\u00eeni \u00eennainte de a fi cazate \u00een pensiune. Vaccinele obligatorii pentru cazare \u00een pensiune: antirabic, contra bolilor infec\u021bioase, contra Bordetella Bronchiseptica. \u00centotdeauna acolo unde sunt aglomer\u0103ri de animale riscul de \u00eenboln\u0103vire cu boli specific contagioase cre\u0219te. V\u0103 sf\u0103tuim s\u0103 fi\u021bi responsabili,aducerea animalului \u00een pensiune neprotejat la maxim este un risc pe care vi-l asuma\u021bi consistent.<\/li>\n<li>Pensiunea accept\u0103 doar hran\u0103 uscat\u0103 sau conserve de tip comercial. Pensiunea nu accept\u0103 alimente preparate la domiciliu ( gen terci,carne ect.) Aceast\u0103 masur\u0103 are scop de a proteja animalele de intoxica\u021bie, reac\u021bii alergice sau diaree. Nu sunt admi\u0219i \u00een pensiune c\u00e2ini agresivi fa\u021b\u0103 de oameni. Aceast\u0103 m\u0103sur\u0103 are scop de a proteja angaja\u021bii pensiunii.<\/li>\n<li>Pentru cazare \u00een pensiune proprietarul patrupedului are nevoie de: buletinul de identitate \u0219i pa\u0219aportul patrupedului.Pentru adaptare mai rapid\u0103 v\u0103 sv\u0103tuim s\u0103 aduce\u021bi lucruri de care animalu\u021bul este ata\u0219at (p\u0103tu\u021b,juc\u0103rii ect.) Uneori adaptarea poate fi mai dificil\u0103 de aceea un miros cunoscut poate fi de mare ajutor.<\/li>\n<li>Program\u0103rile se fac preventiv pe num\u0103rul de telefon indicat pe site sau gen online (Facebook,Viber,WatsApp.). Tariful pentru o zi este echivalent cu 24 ore, termenul caz\u0103rii se socoate de la orele \u00een care a fost primit patrupedul, respectiv ridicarea patrupedului se face p\u00eena la aceea\u0219i or\u0103 \u00een ziua plec\u0103rii din pensiune. \u00cen cazul c\u00eend patrupedul este ridicat mai t\u00eerziu de ora stabilit\u0103 atunci se achit\u0103 tax\u0103 \u00eenc\u0103 pentru o zi \u00eentreag\u0103. \u00cen ziua caz\u0103rii \u00een pensiune se achit\u0103 un avans (jum\u0103tate de sum\u0103), restul sumei se achit\u0103 la ridicarea patrupedului.<\/li>\n<\/ul>\n<p>[\/vc_column_text][\/vc_column][\/vc_row][vc_row css=&#8221;.vc_custom_1458928066405{padding-bottom: 100px !important;}&#8221;][vc_column][vc_single_image image=&#8221;15164&#8243; img_size=&#8221;full&#8221; alignment=&#8221;center&#8221;][\/vc_column][\/vc_row]<\/p>\n","protected":false},"excerpt":{"rendered":"<p>[vc_row][vc_column][box_title title=&#8221;Condi\u021bii&#8221; after_title=&#8221;Condi\u021biile de primire a patrupezilor pe teritoriul pensiunii&#8221;][\/box_title][\/vc_column][\/vc_row][vc_row][vc_column][vc_column_text] Animalele care sunt primite \u00een pensiune trebuie s\u0103 fie \u00een mod obligatoriu vaccinate, deparazitate \u0219i tratate \u00eempotriva c\u0103pu\u0219elor nu mai t\u00eerziu de 2-3 s\u0103pt\u0103m\u00eeni \u00eennainte de a fi cazate \u00een pensiune. Vaccinele obligatorii pentru cazare \u00een pensiune: antirabic, contra bolilor infec\u021bioase, contra Bordetella Bronchiseptica. \u00centotdeauna [&hellip;]<\/p>\n","protected":false},"author":1,"featured_media":14647,"parent":0,"menu_order":0,"comment_status":"closed","ping_status":"closed","template":"","meta":{"footnotes":""},"_links":{"self":[{"href":"https:\/\/pensiuneaanimalelor.com\/index.php?rest_route=\/wp\/v2\/pages\/327"}],"collection":[{"href":"https:\/\/pensiuneaanimalelor.com\/index.php?rest_route=\/wp\/v2\/pages"}],"about":[{"href":"https:\/\/pensiuneaanimalelor.com\/index.php?rest_route=\/wp\/v2\/types\/page"}],"author":[{"embeddable":true,"href":"https:\/\/pensiuneaanimalelor.com\/index.php?rest_route=\/wp\/v2\/users\/1"}],"replies":[{"embeddable":true,"href":"https:\/\/pensiuneaanimalelor.com\/index.php?rest_route=%2Fwp%2Fv2%2Fcomments&post=327"}],"version-history":[{"count":8,"href":"https:\/\/pensiuneaanimalelor.com\/index.php?rest_route=\/wp\/v2\/pages\/327\/revisions"}],"predecessor-version":[{"id":15165,"href":"https:\/\/pensiuneaanimalelor.com\/index.php?rest_route=\/wp\/v2\/pages\/327\/revisions\/15165"}],"wp:featuredmedia":[{"embeddable":true,"href":"https:\/\/pensiuneaanimalelor.com\/index.php?rest_route=\/wp\/v2\/media\/14647"}],"wp:attachment":[{"href":"https:\/\/pensiuneaanimalelor.com\/index.php?rest_route=%2Fwp%2Fv2%2Fmedia&parent=327"}],"curies":[{"name":"wp","href":"https:\/\/api.w.org\/{rel}","templated":true}]}}